{"id":396,"date":"2026-01-29T23:35:35","date_gmt":"2026-01-29T23:35:35","guid":{"rendered":"https:\/\/innevo.ch\/?page_id=396"},"modified":"2026-02-01T00:41:20","modified_gmt":"2026-02-01T00:41:20","slug":"protection-des-donnees","status":"publish","type":"page","link":"https:\/\/innevo.ch\/de\/protection-des-donnees\/","title":{"rendered":"Datenschutz"},"content":{"rendered":"<h2 class=\"wp-block-heading\">Datenschutzerkl\u00e4rung f\u00fcr die vertragliche Beziehung mit Gesch\u00e4ftspartnern<\/h2>\n\n\n\n<ul class=\"wp-block-list\">\n<li>Wir erheben, verarbeiten und nutzen Ihre personenbezogenen Daten in \u00dcbereinstimmung mit dem Inhalt dieser Datenschutzbestimmungen sowie den anwendbaren Datenschutzvorschriften, insbesondere dem Schweizer Datenschutzgesetz (DSG).<\/li>\n\n\n\n<li>Les donn\u00e9es personnelles au sens de ces dispositions en mati\u00e8re de protection des donn\u00e9es sont toutes les informations qui se rapportent \u00e0 une personne physique d\u00e9termin\u00e9e ou identifiable. Nous traitons des donn\u00e9es personnelles que vous nous communiquez ou que nous obtenons par le biais de tiers concern\u00e9s dans le contexte de notre relation contractuelle ou que nous recueillons nous-m\u00eames. Le responsable du traitement des donn\u00e9es personnelles bas\u00e9 sur la pr\u00e9sente d\u00e9claration de protection des donn\u00e9es est le Innevo Sarl,  Rue du Chateau 6, 1580 Avenches.<\/li>\n\n\n\n<li>Einerseits erhalten wir Personendaten von Ihnen bzw. den Betroffenen selbst, wenn Sie oder diese uns per E-Mail oder telefonisch kontaktieren und unsere Dienstleistungen in Anspruch nehmen. Hierzu geh\u00f6ren beispielsweise Name und Kontaktdaten.<\/li>\n\n\n\n<li>Andererseits bearbeiten wir Personendaten, die uns im Rahmen der Vertragsbeziehung durch unsere Korrespondenz mit Dritten (insbesondere Lieferanten, andere Unternehmen o. \u00e4.) zukommen (z. B. Name, Kontaktdaten). Zudem erheben wir gewisse Personendaten auch selbst, beispielsweise auf Websites.<\/li>\n\n\n\n<li>Wir bearbeiten diese Personendaten in erster Linie, um die im Rahmen des Werkvertrags erbrachten Leistungen erbringen, dokumentieren und in Rechnung stellen zu k\u00f6nnen.<\/li>\n\n\n\n<li>Ausserdem bearbeiten wir die Kontaktdaten f\u00fcr Marketingzwecke (unter Verwendung aller Kommunikationsmittel wie E-Mail, soziale Medien, Briefpost oder Telefon), um \u00fcber Publikationen, Veranstaltungen, Neuigkeiten, Dienstleistungen oder Produkte zu informieren, die von Interesse sein k\u00f6nnten.<\/li>\n\n\n\n<li>Zur Erreichung der genannten Zwecke kann es erforderlich sein, dass wir Personendaten an folgende Empf\u00e4ngerkategorien \u00fcbermitteln: Lieferanten, Gesch\u00e4ftspartner, mit denen wir gegebenenfalls die im Werkvertrag vorgesehenen Leistungen koordinieren m\u00fcssen, weitere am Werkvertrag beteiligte Unternehmen sowie Beh\u00f6rden und Gerichte.&nbsp;<\/li>\n\n\n\n<li>Wir speichern Personendaten nur so lange, wie es f\u00fcr die Abwicklung der Vertragsbeziehung erforderlich ist, eine gesetzliche Aufbewahrungs- und Dokumentationspflicht besteht oder wir daran ein \u00fcberwiegendes privates oder \u00f6ffentliches Interesse haben. Wir ergreifen diesbez\u00fcglich verh\u00e4ltnism\u00e4ssige und angemessene Massnahmen, um Personendaten vor Verlust, unbefugten \u00c4nderungen oder dem unbefugten Zugriff durch Dritte zu sch\u00fctzen.<\/li>\n\n\n\n<li>Bei der Bearbeitung der Daten werden die allgemeinen Bearbeitungsgrunds\u00e4tze beachtet, insbesondere Rechtm\u00e4ssigkeit, Verh\u00e4ltnism\u00e4ssigkeit, Zweckbindung, Richtigkeit, Transparenz \u2013 namentlich die Aus\u00fcbung der Informationspflicht \u2013 und Datensicherheit. Wir machen Sie darauf aufmerksam, dass wir im Rahmen der Vertragsbeziehung externe IT-Dienstleister und Cloud-Anbieter beiziehen. Dabei nutzen wir gewisse IT-Dienstleistungen sowie Kommunikationsmittel, die mit Risiken f\u00fcr die Datensicherheit verbunden sein k\u00f6nnten (z. B. E-Mail, Videokonferenzen). Es liegt an Ihnen, uns mitzuteilen, falls Sie besondere Sicherheitsmassnahmen w\u00fcnschen.<\/li>\n\n\n\n<li>Sie haben das Recht, Auskunft \u00fcber Ihre von uns bearbeiteten Personendaten zu verlangen. Sie k\u00f6nnen insbesondere Auskunft \u00fcber die Personendaten selbst, den Bearbeitungszweck, die Aufbewahrungsdauer oder, falls dies nicht m\u00f6glich ist, die Kriterien zur Festlegung dieser Dauer, die Herkunft Ihrer Daten, sofern wir diese nicht selbst erhoben haben, das allf\u00e4llige Bestehen einer automatisierten Einzelentscheidung sowie gegebenenfalls \u00fcber den Empf\u00e4nger oder die Kategorien von Empf\u00e4ngern, denen Ihre Personendaten bekannt gegeben werden, verlangen. Sie haben auch das Recht, eine von Ihnen erteilte Einwilligung zur Verwendung Ihrer Personendaten jederzeit zu widerrufen. Sie k\u00f6nnen Ihre Rechte jederzeit geltend machen, indem Sie uns unter der angegebenen Adresse kontaktieren. Wenn Sie der Auffassung sind, dass die Bearbeitung Ihrer Personendaten durch uns im Widerspruch zu den geltenden Datenschutzbestimmungen steht, haben Sie die M\u00f6glichkeit, sich beim Eidgen\u00f6ssischen Datenschutz- und \u00d6ffentlichkeitsbeauftragten zu beschweren.<\/li>\n\n\n\n<li>Wir behalten uns das Recht vor, die vorliegenden Datenschutzbestimmungen jederzeit mit Wirkung f\u00fcr die Zukunft zu \u00e4ndern. Eine aktuelle Version ist auf der Webseite abrufbar. Wir bitten Sie, unsere Webseite regelm\u00e4ssig zu konsultieren, um sich \u00fcber die geltenden Datenschutzbestimmungen zu informieren.<\/li>\n\n\n\n<li>Vous pouvez \u00e0 tout moment faire valoir vos droits de personne concern\u00e9e du point de vue de la protection des donn\u00e9es en nous contactant \u00e0 l\u2019adresse indiqu\u00e9e (Innevo Sarl,  Rue du Chateau 6, 1580 Avenches, <a href=\"http:\/\/innevo.ch\/de\/\" type=\"link\" id=\"innevo.ch\">email: info@innevo.ch<\/a>). Vous pouvez \u00e9galement nous contacter \u00e0 l\u2019adresse indiqu\u00e9e pour toute question concernant nos dispositions en mati\u00e8re de protection des donn\u00e9es.<\/li>\n<\/ul>\n\n\n\n<p>Situation :2026<\/p>","protected":false},"excerpt":{"rendered":"<p>D\u00e9claration de protection des donn\u00e9es pour la relation contractuelle avec les partenaires commerciaux Situation :2026<\/p>","protected":false},"author":2,"featured_media":0,"parent":0,"menu_order":0,"comment_status":"closed","ping_status":"closed","template":"","meta":{"pgc_sgb_lightbox_settings":"","footnotes":""},"class_list":["post-396","page","type-page","status-publish","hentry"],"yoast_head":"<!-- This site is optimized with the Yoast SEO Premium plugin v26.3 (Yoast SEO v26.8) - https:\/\/yoast.com\/product\/yoast-seo-premium-wordpress\/ -->\n<title>Protection des donn\u00e9es - innevo.ch<\/title>\n<meta name=\"robots\" content=\"index, follow, max-snippet:-1, max-image-preview:large, max-video-preview:-1\" \/>\n<link rel=\"canonical\" href=\"https:\/\/innevo.ch\/de\/protection-des-donnees\/\" \/>\n<meta property=\"og:locale\" content=\"de_DE\" \/>\n<meta property=\"og:type\" content=\"article\" \/>\n<meta property=\"og:title\" content=\"Protection des donn\u00e9es\" \/>\n<meta property=\"og:description\" content=\"D\u00e9claration de protection des donn\u00e9es pour la relation contractuelle avec les partenaires commerciaux Situation :2026\" \/>\n<meta property=\"og:url\" content=\"https:\/\/innevo.ch\/de\/protection-des-donnees\/\" \/>\n<meta property=\"og:site_name\" content=\"innevo.ch\" \/>\n<meta property=\"article:publisher\" content=\"https:\/\/www.facebook.com\/profile.php?id=61586986230284\" \/>\n<meta property=\"article:modified_time\" content=\"2026-02-01T00:41:20+00:00\" \/>\n<meta property=\"og:image\" content=\"https:\/\/innevo.ch\/wp-content\/uploads\/2026\/02\/Gemini_Generated_Image_ksjpllksjpllksjp.png\" \/>\n\t<meta property=\"og:image:width\" content=\"1024\" \/>\n\t<meta property=\"og:image:height\" content=\"1024\" \/>\n\t<meta property=\"og:image:type\" content=\"image\/png\" \/>\n<meta name=\"twitter:card\" content=\"summary_large_image\" \/>\n<meta name=\"twitter:label1\" content=\"Gesch\u00e4tzte Lesezeit\" \/>\n\t<meta name=\"twitter:data1\" content=\"5\u00a0Minuten\" \/>\n<script type=\"application\/ld+json\" class=\"yoast-schema-graph\">{\"@context\":\"https:\/\/schema.org\",\"@graph\":[{\"@type\":\"WebPage\",\"@id\":\"https:\/\/innevo.ch\/protection-des-donnees\/\",\"url\":\"https:\/\/innevo.ch\/protection-des-donnees\/\",\"name\":\"Protection des donn\u00e9es - innevo.ch\",\"isPartOf\":{\"@id\":\"https:\/\/innevo.ch\/#website\"},\"datePublished\":\"2026-01-29T23:35:35+00:00\",\"dateModified\":\"2026-02-01T00:41:20+00:00\",\"breadcrumb\":{\"@id\":\"https:\/\/innevo.ch\/protection-des-donnees\/#breadcrumb\"},\"inLanguage\":\"de-CH\",\"potentialAction\":[{\"@type\":\"ReadAction\",\"target\":[\"https:\/\/innevo.ch\/protection-des-donnees\/\"]}]},{\"@type\":\"BreadcrumbList\",\"@id\":\"https:\/\/innevo.ch\/protection-des-donnees\/#breadcrumb\",\"itemListElement\":[{\"@type\":\"ListItem\",\"position\":1,\"name\":\"Renovation-Cloisons-Platrerie-Peinture\",\"item\":\"https:\/\/innevo.ch\/\"},{\"@type\":\"ListItem\",\"position\":2,\"name\":\"Protection des donn\u00e9es\"}]},{\"@type\":\"WebSite\",\"@id\":\"https:\/\/innevo.ch\/#website\",\"url\":\"https:\/\/innevo.ch\/\",\"name\":\"INNEVO S\u00e0rl | Cloisons & Pl\u00e2trerie\",\"description\":\"Innevo Sarl propose Renovation-Cloisons-Platrerie-Peinture\",\"publisher\":{\"@id\":\"https:\/\/innevo.ch\/#organization\"},\"alternateName\":\"R\u00e9novation int\u00e9rieure en Suisse romande\",\"potentialAction\":[{\"@type\":\"SearchAction\",\"target\":{\"@type\":\"EntryPoint\",\"urlTemplate\":\"https:\/\/innevo.ch\/?s={search_term_string}\"},\"query-input\":{\"@type\":\"PropertyValueSpecification\",\"valueRequired\":true,\"valueName\":\"search_term_string\"}}],\"inLanguage\":\"de-CH\"},{\"@type\":\"Organization\",\"@id\":\"https:\/\/innevo.ch\/#organization\",\"name\":\"INNEVO S\u00e0rl\",\"alternateName\":\"INNEVO S\u00e0rl\",\"url\":\"https:\/\/innevo.ch\/\",\"logo\":{\"@type\":\"ImageObject\",\"inLanguage\":\"de-CH\",\"@id\":\"https:\/\/innevo.ch\/#\/schema\/logo\/image\/\",\"url\":\"https:\/\/innevo.ch\/wp-content\/uploads\/2026\/01\/photo_2026-01-28_23-20-00-edited.png\",\"contentUrl\":\"https:\/\/innevo.ch\/wp-content\/uploads\/2026\/01\/photo_2026-01-28_23-20-00-edited.png\",\"width\":853,\"height\":853,\"caption\":\"INNEVO S\u00e0rl\"},\"image\":{\"@id\":\"https:\/\/innevo.ch\/#\/schema\/logo\/image\/\"},\"sameAs\":[\"https:\/\/www.facebook.com\/profile.php?id=61586986230284\",\"https:\/\/www.instagram.com\/innevo.sarl\",\"https:\/\/www.tiktok.com\/@innevo.ch\"],\"description\":\"INNEVO Sarl Travaux int\u00e9rieurs pr\u00e9cis et durables pour espaces priv\u00e9s et professionnels: Cloisons s\u00e8ches Organisation flexible des espaces int\u00e9rieurs pour constructions neuves et r\u00e9novations. Solutions conformes aux exigences d\u2019isolation thermique, acoustique et de protection incendie. Pl\u00e2trerie R\u00e9alisation soign\u00e9e de murs, plafonds et finitions. Surfaces propres, durables et pr\u00eates pour les \u00e9tapes suivantes. Travaux de peinture Peinture int\u00e9rieure et ext\u00e9rieure r\u00e9alis\u00e9e avec pr\u00e9cision. Protection des mat\u00e9riaux et finitions adapt\u00e9es aux espaces r\u00e9sidentiels et professionnels. Cr\u00e9pis int\u00e9rieur & ext\u00e9rieur Application de cr\u00e9pis pour surfaces int\u00e9rieures et fa\u00e7ades. Finitions durables assurant protection, uniformit\u00e9 et esth\u00e9tique. Protection incendie Mise en \u0153uvre de solutions certifi\u00e9es et conformes aux normes. Int\u00e9gration fonctionnelle dans les projets de construction et de transformation.\",\"email\":\"info@innevo.ch\",\"telephone\":\"+41266754577\",\"legalName\":\"INNEVO S\u00e0rl\",\"publishingPrinciples\":\"https:\/\/innevo.ch\/protection-des-donnees\/\",\"ownershipFundingInfo\":\"https:\/\/innevo.ch\/mentions-legales\/\"}]}<\/script>\n<!-- \/ Yoast SEO Premium plugin. -->","yoast_head_json":{"title":"Protection des donn\u00e9es - innevo.ch","robots":{"index":"index","follow":"follow","max-snippet":"max-snippet:-1","max-image-preview":"max-image-preview:large","max-video-preview":"max-video-preview:-1"},"canonical":"https:\/\/innevo.ch\/de\/protection-des-donnees\/","og_locale":"de_DE","og_type":"article","og_title":"Protection des donn\u00e9es","og_description":"D\u00e9claration de protection des donn\u00e9es pour la relation contractuelle avec les partenaires commerciaux Situation :2026","og_url":"https:\/\/innevo.ch\/de\/protection-des-donnees\/","og_site_name":"innevo.ch","article_publisher":"https:\/\/www.facebook.com\/profile.php?id=61586986230284","article_modified_time":"2026-02-01T00:41:20+00:00","og_image":[{"width":1024,"height":1024,"url":"https:\/\/innevo.ch\/wp-content\/uploads\/2026\/02\/Gemini_Generated_Image_ksjpllksjpllksjp.png","type":"image\/png"}],"twitter_card":"summary_large_image","twitter_misc":{"Gesch\u00e4tzte Lesezeit":"5\u00a0Minuten"},"schema":{"@context":"https:\/\/schema.org","@graph":[{"@type":"WebPage","@id":"https:\/\/innevo.ch\/protection-des-donnees\/","url":"https:\/\/innevo.ch\/protection-des-donnees\/","name":"Protection des donn\u00e9es - innevo.ch","isPartOf":{"@id":"https:\/\/innevo.ch\/#website"},"datePublished":"2026-01-29T23:35:35+00:00","dateModified":"2026-02-01T00:41:20+00:00","breadcrumb":{"@id":"https:\/\/innevo.ch\/protection-des-donnees\/#breadcrumb"},"inLanguage":"de-CH","potentialAction":[{"@type":"ReadAction","target":["https:\/\/innevo.ch\/protection-des-donnees\/"]}]},{"@type":"BreadcrumbList","@id":"https:\/\/innevo.ch\/protection-des-donnees\/#breadcrumb","itemListElement":[{"@type":"ListItem","position":1,"name":"Renovation-Cloisons-Platrerie-Peinture","item":"https:\/\/innevo.ch\/"},{"@type":"ListItem","position":2,"name":"Protection des donn\u00e9es"}]},{"@type":"WebSite","@id":"https:\/\/innevo.ch\/#website","url":"https:\/\/innevo.ch\/","name":"INNEVO S\u00e0rl | Cloisons & Pl\u00e2trerie","description":"Innevo Sarl propose Renovation-Cloisons-Platrerie-Peinture","publisher":{"@id":"https:\/\/innevo.ch\/#organization"},"alternateName":"R\u00e9novation int\u00e9rieure en Suisse romande","potentialAction":[{"@type":"SearchAction","target":{"@type":"EntryPoint","urlTemplate":"https:\/\/innevo.ch\/?s={search_term_string}"},"query-input":{"@type":"PropertyValueSpecification","valueRequired":true,"valueName":"search_term_string"}}],"inLanguage":"de-CH"},{"@type":"Organization","@id":"https:\/\/innevo.ch\/#organization","name":"INNEVO S\u00e0rl","alternateName":"INNEVO S\u00e0rl","url":"https:\/\/innevo.ch\/","logo":{"@type":"ImageObject","inLanguage":"de-CH","@id":"https:\/\/innevo.ch\/#\/schema\/logo\/image\/","url":"https:\/\/innevo.ch\/wp-content\/uploads\/2026\/01\/photo_2026-01-28_23-20-00-edited.png","contentUrl":"https:\/\/innevo.ch\/wp-content\/uploads\/2026\/01\/photo_2026-01-28_23-20-00-edited.png","width":853,"height":853,"caption":"INNEVO S\u00e0rl"},"image":{"@id":"https:\/\/innevo.ch\/#\/schema\/logo\/image\/"},"sameAs":["https:\/\/www.facebook.com\/profile.php?id=61586986230284","https:\/\/www.instagram.com\/innevo.sarl","https:\/\/www.tiktok.com\/@innevo.ch"],"description":"INNEVO Sarl Travaux int\u00e9rieurs pr\u00e9cis et durables pour espaces priv\u00e9s et professionnels: Cloisons s\u00e8ches Organisation flexible des espaces int\u00e9rieurs pour constructions neuves et r\u00e9novations. Solutions conformes aux exigences d\u2019isolation thermique, acoustique et de protection incendie. Pl\u00e2trerie R\u00e9alisation soign\u00e9e de murs, plafonds et finitions. Surfaces propres, durables et pr\u00eates pour les \u00e9tapes suivantes. Travaux de peinture Peinture int\u00e9rieure et ext\u00e9rieure r\u00e9alis\u00e9e avec pr\u00e9cision. Protection des mat\u00e9riaux et finitions adapt\u00e9es aux espaces r\u00e9sidentiels et professionnels. Cr\u00e9pis int\u00e9rieur & ext\u00e9rieur Application de cr\u00e9pis pour surfaces int\u00e9rieures et fa\u00e7ades. Finitions durables assurant protection, uniformit\u00e9 et esth\u00e9tique. Protection incendie Mise en \u0153uvre de solutions certifi\u00e9es et conformes aux normes. Int\u00e9gration fonctionnelle dans les projets de construction et de transformation.","email":"info@innevo.ch","telephone":"+41266754577","legalName":"INNEVO S\u00e0rl","publishingPrinciples":"https:\/\/innevo.ch\/protection-des-donnees\/","ownershipFundingInfo":"https:\/\/innevo.ch\/mentions-legales\/"}]}},"_links":{"self":[{"href":"https:\/\/innevo.ch\/de\/wp-json\/wp\/v2\/pages\/396","targetHints":{"allow":["GET"]}}],"collection":[{"href":"https:\/\/innevo.ch\/de\/wp-json\/wp\/v2\/pages"}],"about":[{"href":"https:\/\/innevo.ch\/de\/wp-json\/wp\/v2\/types\/page"}],"author":[{"embeddable":true,"href":"https:\/\/innevo.ch\/de\/wp-json\/wp\/v2\/users\/2"}],"replies":[{"embeddable":true,"href":"https:\/\/innevo.ch\/de\/wp-json\/wp\/v2\/comments?post=396"}],"version-history":[{"count":3,"href":"https:\/\/innevo.ch\/de\/wp-json\/wp\/v2\/pages\/396\/revisions"}],"predecessor-version":[{"id":597,"href":"https:\/\/innevo.ch\/de\/wp-json\/wp\/v2\/pages\/396\/revisions\/597"}],"wp:attachment":[{"href":"https:\/\/innevo.ch\/de\/wp-json\/wp\/v2\/media?parent=396"}],"curies":[{"name":"wp","href":"https:\/\/api.w.org\/{rel}","templated":true}]}}